{"id":8491,"date":"2024-10-31T05:22:36","date_gmt":"2024-10-30T18:22:36","guid":{"rendered":"https:\/\/saltwatersecrets.com\/?page_id=8491"},"modified":"2025-04-25T01:13:44","modified_gmt":"2025-04-24T14:13:44","slug":"disclaimer","status":"publish","type":"page","link":"https:\/\/saltwatersecrets.com\/de\/disclaimer\/","title":{"rendered":"Haftungsausschluss"},"content":{"rendered":"\n<p class=\"\">Die auf diesem Blog bereitgestellten Informationen dienen ausschlie\u00dflich allgemeinen Informations- und Unterhaltungszwecken. Obwohl wir uns bem\u00fchen, die Inhalte korrekt und aktuell zu halten, \u00fcbernehmen wir keinerlei Gew\u00e4hr f\u00fcr die Vollst\u00e4ndigkeit, Richtigkeit, Zuverl\u00e4ssigkeit, Eignung oder Verf\u00fcgbarkeit in Bezug auf den Blog oder die darin enthaltenen Informationen, Produkte, Dienstleistungen oder Grafiken f\u00fcr irgendeinen Zweck. Jegliches Vertrauen, das du auf solche Informationen setzt, erfolgt daher ausschlie\u00dflich auf dein eigenes Risiko.<\/p>\n\n\n\n<p class=\"\">Die Inhalte dieses Blogs spiegeln pers\u00f6nliche Meinungen und Erfahrungen wider und stellen keine professionelle Beratung dar. Die Autor<em>innen dieses Blogs \u00fcbernehmen keine Verantwortung f\u00fcr Handlungen, die auf Grundlage der bereitgestellten Informationen oder Ratschl\u00e4ge vorgenommen werden. Konsultiere bei wichtigen Entscheidungen stets eine<\/em>n Fachberater*in.<\/p>\n\n\n\n<p class=\"\">Dieser Blog kann Links zu anderen Websites oder Inhalten Dritter enthalten, die dir als Nutzer*in zur Verf\u00fcgung gestellt werden. Wir haben keinerlei Einfluss auf die Gestaltung, Inhalte oder Verf\u00fcgbarkeit dieser Seiten und \u00fcbernehmen keine Verantwortung f\u00fcr Informationen, Produkte oder Dienstleistungen, die von Dritten bereitgestellt werden.<\/p>\n\n\n\n<p class=\"\">In keinem Fall haften die Autor*innen dieses Blogs f\u00fcr Verluste oder Sch\u00e4den, einschlie\u00dflich, aber nicht beschr\u00e4nkt auf indirekte oder Folgesch\u00e4den, die sich aus der Nutzung dieses Blogs ergeben.<\/p>\n\n\n\n<p class=\"\"><strong>\u00c4nderungen dieses Haftungsausschlusses<\/strong><\/p>\n\n\n\n<p class=\"\">Wir behalten uns das Recht vor, diesen Haftungsausschluss jederzeit zu \u00e4ndern. Mit der fortgesetzten Nutzung des Blogs nach solchen \u00c4nderungen erkl\u00e4rst du dich mit dem ge\u00e4nderten Haftungsausschluss einverstanden.<\/p>\n\n\n\n<p class=\"\"><strong>Amazon-Haftungsausschluss<\/strong><\/p>\n\n\n\n<p class=\"\">Als Amazon Associate verdient SaltwaterSecrets.com eine Provision f\u00fcr qualifizierte Eink\u00e4ufe.<\/p>\n\n\n\n<p><strong>CHECK24.net Partnerprogramm<\/strong><\/p><p>Wir nehmen am CHECK24.net Partnerprogramm teil. Auf unseren Seiten werden iFrame-Buchungsmasken und andere Werbemittel eingebunden, an denen wir \u00fcber Transaktionen, zum Beispiel durch Leads und Sales, eine Werbekostenerstattung erhalten k\u00f6nnen.<\/p><p>Weitere Informationen zur Datennutzung durch CHECK24.net erhalten Sie in der Datenschutzerkl\u00e4rung von <a href=\"https:\/\/www.check24.net\" target=\"_blank\">CHECK24.net<\/a>.<\/p>\n","protected":false},"excerpt":{"rendered":"<p>Die auf diesem Blog bereitgestellten Informationen dienen ausschlie\u00dflich allgemeinen Informations- und Unterhaltungszwecken. Obwohl wir uns bem\u00fchen, die Inhalte korrekt und aktuell zu halten, \u00fcbernehmen wir keinerlei Gew\u00e4hr f\u00fcr die Vollst\u00e4ndigkeit, Richtigkeit, Zuverl\u00e4ssigkeit, Eignung oder Verf\u00fcgbarkeit in Bezug auf den Blog oder die darin enthaltenen Informationen, Produkte, Dienstleistungen oder Grafiken f\u00fcr irgendeinen Zweck. Jegliches Vertrauen, das&#8230;<\/p>\n","protected":false},"author":2,"featured_media":0,"parent":0,"menu_order":0,"comment_status":"closed","ping_status":"closed","template":"","meta":{"nf_dc_page":"","_monsterinsights_skip_tracking":false,"_monsterinsights_sitenote_active":false,"_monsterinsights_sitenote_note":"","_monsterinsights_sitenote_category":0,"_wp_convertkit_post_meta":{"form":"-1","landing_page":"0","tag":"0","restrict_content":"0"},"_kadence_starter_templates_imported_post":false,"_kad_post_transparent":"","_kad_post_title":"","_kad_post_layout":"","_kad_post_sidebar_id":"","_kad_post_content_style":"","_kad_post_vertical_padding":"","_kad_post_feature":"","_kad_post_feature_position":"","_kad_post_header":false,"_kad_post_footer":false,"_kad_post_classname":"","footnotes":""},"class_list":["post-8491","page","type-page","status-publish","hentry"],"yoast_head":"<!-- This site is optimized with the Yoast SEO plugin v27.4 - https:\/\/yoast.com\/product\/yoast-seo-wordpress\/ -->\n<title>Haftungsausschluss - Saltwater Secrets<\/title>\n<meta name=\"robots\" content=\"index, follow, max-snippet:-1, max-image-preview:large, max-video-preview:-1\" \/>\n<link rel=\"canonical\" href=\"https:\/\/saltwatersecrets.com\/de\/disclaimer\/\" \/>\n<meta property=\"og:locale\" content=\"de_DE\" \/>\n<meta property=\"og:type\" content=\"article\" \/>\n<meta property=\"og:title\" content=\"Haftungsausschluss - Saltwater Secrets\" \/>\n<meta property=\"og:description\" content=\"Die auf diesem Blog bereitgestellten Informationen dienen ausschlie\u00dflich allgemeinen Informations- und Unterhaltungszwecken. Obwohl wir uns bem\u00fchen, die Inhalte korrekt und aktuell zu halten, \u00fcbernehmen wir keinerlei Gew\u00e4hr f\u00fcr die Vollst\u00e4ndigkeit, Richtigkeit, Zuverl\u00e4ssigkeit, Eignung oder Verf\u00fcgbarkeit in Bezug auf den Blog oder die darin enthaltenen Informationen, Produkte, Dienstleistungen oder Grafiken f\u00fcr irgendeinen Zweck. Jegliches Vertrauen, das...\" \/>\n<meta property=\"og:url\" content=\"https:\/\/saltwatersecrets.com\/de\/disclaimer\/\" \/>\n<meta property=\"og:site_name\" content=\"Saltwater Secrets\" \/>\n<meta property=\"article:modified_time\" content=\"2025-04-24T14:13:44+00:00\" \/>\n<meta name=\"twitter:card\" content=\"summary_large_image\" \/>\n<meta name=\"twitter:label1\" content=\"Gesch\u00e4tzte Lesezeit\" \/>\n\t<meta name=\"twitter:data1\" content=\"2\u00a0Minuten\" \/>\n<script type=\"application\/ld+json\" class=\"yoast-schema-graph\">{\"@context\":\"https:\\\/\\\/schema.org\",\"@graph\":[{\"@type\":\"WebPage\",\"@id\":\"https:\\\/\\\/saltwatersecrets.com\\\/de\\\/disclaimer\\\/\",\"url\":\"https:\\\/\\\/saltwatersecrets.com\\\/de\\\/disclaimer\\\/\",\"name\":\"Haftungsausschluss - Saltwater Secrets\",\"isPartOf\":{\"@id\":\"https:\\\/\\\/saltwatersecrets.com\\\/de\\\/#website\"},\"datePublished\":\"2024-10-30T18:22:36+00:00\",\"dateModified\":\"2025-04-24T14:13:44+00:00\",\"breadcrumb\":{\"@id\":\"https:\\\/\\\/saltwatersecrets.com\\\/de\\\/disclaimer\\\/#breadcrumb\"},\"inLanguage\":\"de\",\"potentialAction\":[{\"@type\":\"ReadAction\",\"target\":[\"https:\\\/\\\/saltwatersecrets.com\\\/de\\\/disclaimer\\\/\"]}]},{\"@type\":\"BreadcrumbList\",\"@id\":\"https:\\\/\\\/saltwatersecrets.com\\\/de\\\/disclaimer\\\/#breadcrumb\",\"itemListElement\":[{\"@type\":\"ListItem\",\"position\":1,\"name\":\"Home\",\"item\":\"https:\\\/\\\/saltwatersecrets.com\\\/de\\\/\"},{\"@type\":\"ListItem\",\"position\":2,\"name\":\"Haftungsausschluss\"}]},{\"@type\":\"WebSite\",\"@id\":\"https:\\\/\\\/saltwatersecrets.com\\\/de\\\/#website\",\"url\":\"https:\\\/\\\/saltwatersecrets.com\\\/de\\\/\",\"name\":\"Saltwater Secrets\",\"description\":\"Unlock the Secrets of Surfing, Travel &amp; Coastal Living\",\"publisher\":{\"@id\":\"https:\\\/\\\/saltwatersecrets.com\\\/de\\\/#organization\"},\"potentialAction\":[{\"@type\":\"SearchAction\",\"target\":{\"@type\":\"EntryPoint\",\"urlTemplate\":\"https:\\\/\\\/saltwatersecrets.com\\\/de\\\/?s={search_term_string}\"},\"query-input\":{\"@type\":\"PropertyValueSpecification\",\"valueRequired\":true,\"valueName\":\"search_term_string\"}}],\"inLanguage\":\"de\"},{\"@type\":\"Organization\",\"@id\":\"https:\\\/\\\/saltwatersecrets.com\\\/de\\\/#organization\",\"name\":\"Saltwater Secrets\",\"url\":\"https:\\\/\\\/saltwatersecrets.com\\\/de\\\/\",\"logo\":{\"@type\":\"ImageObject\",\"inLanguage\":\"de\",\"@id\":\"https:\\\/\\\/saltwatersecrets.com\\\/de\\\/#\\\/schema\\\/logo\\\/image\\\/\",\"url\":\"https:\\\/\\\/i0.wp.com\\\/saltwatersecrets.com\\\/wp-content\\\/uploads\\\/2025\\\/06\\\/Logo-SWS.png?fit=910%2C359&ssl=1\",\"contentUrl\":\"https:\\\/\\\/i0.wp.com\\\/saltwatersecrets.com\\\/wp-content\\\/uploads\\\/2025\\\/06\\\/Logo-SWS.png?fit=910%2C359&ssl=1\",\"width\":910,\"height\":359,\"caption\":\"Saltwater Secrets\"},\"image\":{\"@id\":\"https:\\\/\\\/saltwatersecrets.com\\\/de\\\/#\\\/schema\\\/logo\\\/image\\\/\"}}]}<\/script>\n<!-- \/ Yoast SEO plugin. -->","yoast_head_json":{"title":"Haftungsausschluss - Saltwater Secrets","robots":{"index":"index","follow":"follow","max-snippet":"max-snippet:-1","max-image-preview":"max-image-preview:large","max-video-preview":"max-video-preview:-1"},"canonical":"https:\/\/saltwatersecrets.com\/de\/disclaimer\/","og_locale":"de_DE","og_type":"article","og_title":"Haftungsausschluss - Saltwater Secrets","og_description":"Die auf diesem Blog bereitgestellten Informationen dienen ausschlie\u00dflich allgemeinen Informations- und Unterhaltungszwecken. Obwohl wir uns bem\u00fchen, die Inhalte korrekt und aktuell zu halten, \u00fcbernehmen wir keinerlei Gew\u00e4hr f\u00fcr die Vollst\u00e4ndigkeit, Richtigkeit, Zuverl\u00e4ssigkeit, Eignung oder Verf\u00fcgbarkeit in Bezug auf den Blog oder die darin enthaltenen Informationen, Produkte, Dienstleistungen oder Grafiken f\u00fcr irgendeinen Zweck. Jegliches Vertrauen, das...","og_url":"https:\/\/saltwatersecrets.com\/de\/disclaimer\/","og_site_name":"Saltwater Secrets","article_modified_time":"2025-04-24T14:13:44+00:00","twitter_card":"summary_large_image","twitter_misc":{"Gesch\u00e4tzte Lesezeit":"2\u00a0Minuten"},"schema":{"@context":"https:\/\/schema.org","@graph":[{"@type":"WebPage","@id":"https:\/\/saltwatersecrets.com\/de\/disclaimer\/","url":"https:\/\/saltwatersecrets.com\/de\/disclaimer\/","name":"Haftungsausschluss - Saltwater Secrets","isPartOf":{"@id":"https:\/\/saltwatersecrets.com\/de\/#website"},"datePublished":"2024-10-30T18:22:36+00:00","dateModified":"2025-04-24T14:13:44+00:00","breadcrumb":{"@id":"https:\/\/saltwatersecrets.com\/de\/disclaimer\/#breadcrumb"},"inLanguage":"de","potentialAction":[{"@type":"ReadAction","target":["https:\/\/saltwatersecrets.com\/de\/disclaimer\/"]}]},{"@type":"BreadcrumbList","@id":"https:\/\/saltwatersecrets.com\/de\/disclaimer\/#breadcrumb","itemListElement":[{"@type":"ListItem","position":1,"name":"Home","item":"https:\/\/saltwatersecrets.com\/de\/"},{"@type":"ListItem","position":2,"name":"Haftungsausschluss"}]},{"@type":"WebSite","@id":"https:\/\/saltwatersecrets.com\/de\/#website","url":"https:\/\/saltwatersecrets.com\/de\/","name":"Saltwater Secrets","description":"Unlock the Secrets of Surfing, Travel &amp; Coastal Living","publisher":{"@id":"https:\/\/saltwatersecrets.com\/de\/#organization"},"potentialAction":[{"@type":"SearchAction","target":{"@type":"EntryPoint","urlTemplate":"https:\/\/saltwatersecrets.com\/de\/?s={search_term_string}"},"query-input":{"@type":"PropertyValueSpecification","valueRequired":true,"valueName":"search_term_string"}}],"inLanguage":"de"},{"@type":"Organization","@id":"https:\/\/saltwatersecrets.com\/de\/#organization","name":"Saltwater Secrets","url":"https:\/\/saltwatersecrets.com\/de\/","logo":{"@type":"ImageObject","inLanguage":"de","@id":"https:\/\/saltwatersecrets.com\/de\/#\/schema\/logo\/image\/","url":"https:\/\/i0.wp.com\/saltwatersecrets.com\/wp-content\/uploads\/2025\/06\/Logo-SWS.png?fit=910%2C359&ssl=1","contentUrl":"https:\/\/i0.wp.com\/saltwatersecrets.com\/wp-content\/uploads\/2025\/06\/Logo-SWS.png?fit=910%2C359&ssl=1","width":910,"height":359,"caption":"Saltwater Secrets"},"image":{"@id":"https:\/\/saltwatersecrets.com\/de\/#\/schema\/logo\/image\/"}}]}},"jetpack_sharing_enabled":true,"_links":{"self":[{"href":"https:\/\/saltwatersecrets.com\/de\/wp-json\/wp\/v2\/pages\/8491","targetHints":{"allow":["GET"]}}],"collection":[{"href":"https:\/\/saltwatersecrets.com\/de\/wp-json\/wp\/v2\/pages"}],"about":[{"href":"https:\/\/saltwatersecrets.com\/de\/wp-json\/wp\/v2\/types\/page"}],"author":[{"embeddable":true,"href":"https:\/\/saltwatersecrets.com\/de\/wp-json\/wp\/v2\/users\/2"}],"replies":[{"embeddable":true,"href":"https:\/\/saltwatersecrets.com\/de\/wp-json\/wp\/v2\/comments?post=8491"}],"version-history":[{"count":4,"href":"https:\/\/saltwatersecrets.com\/de\/wp-json\/wp\/v2\/pages\/8491\/revisions"}],"predecessor-version":[{"id":10709,"href":"https:\/\/saltwatersecrets.com\/de\/wp-json\/wp\/v2\/pages\/8491\/revisions\/10709"}],"wp:attachment":[{"href":"https:\/\/saltwatersecrets.com\/de\/wp-json\/wp\/v2\/media?parent=8491"}],"curies":[{"name":"wp","href":"https:\/\/api.w.org\/{rel}","templated":true}]}}